{"id":365,"date":"2026-03-25T00:19:51","date_gmt":"2026-03-25T00:19:51","guid":{"rendered":"http:\/\/kraligroup.al\/?page_id=365"},"modified":"2026-04-06T23:52:22","modified_gmt":"2026-04-06T23:52:22","slug":"produktet","status":"publish","type":"page","link":"https:\/\/kraligroup.al\/sq\/produktet\/","title":{"rendered":"Produktet"},"content":{"rendered":"<div data-elementor-type=\"wp-page\" data-elementor-id=\"365\" class=\"elementor elementor-365\" data-elementor-post-type=\"page\">\n\t\t\t\t<div class=\"elementor-element elementor-element-2ee07cd e-flex e-con-boxed e-con e-parent\" data-id=\"2ee07cd\" data-element_type=\"container\" data-e-type=\"container\" data-settings=\"{&quot;background_background&quot;:&quot;classic&quot;}\">\n\t\t\t\t\t<div class=\"e-con-inner\">\n\t\t<div class=\"elementor-element elementor-element-be88e07 e-con-full e-flex e-con e-child\" data-id=\"be88e07\" data-element_type=\"container\" data-e-type=\"container\">\n\t\t\t\t<div class=\"elementor-element elementor-element-54abd16 elementor-widget elementor-widget-heading\" data-id=\"54abd16\" data-element_type=\"widget\" data-e-type=\"widget\" data-widget_type=\"heading.default\">\n\t\t\t\t\t<h2 class=\"elementor-heading-title elementor-size-default\">Produktet<\/h2>\t\t\t\t<\/div>\n\t\t\t\t<\/div>\n\t\t\t\t\t<\/div>\n\t\t\t\t<\/div>\n\t\t\t\t<section class=\"elementor-section elementor-top-section elementor-element elementor-element-491386e elementor-section-boxed elementor-section-height-default elementor-section-height-default\" data-id=\"491386e\" data-element_type=\"section\" data-e-type=\"section\">\n\t\t\t\t\t\t<div class=\"elementor-container elementor-column-gap-default\">\n\t\t\t\t\t<div class=\"elementor-column elementor-col-100 elementor-top-column elementor-element elementor-element-45011fe\" data-id=\"45011fe\" data-element_type=\"column\" data-e-type=\"column\">\n\t\t\t<div class=\"elementor-widget-wrap elementor-element-populated\">\n\t\t\t\t\t\t<div class=\"elementor-element elementor-element-d2154a3 elementor-widget__width-auto elementor-widget elementor-widget-heading\" data-id=\"d2154a3\" data-element_type=\"widget\" data-e-type=\"widget\" data-widget_type=\"heading.default\">\n\t\t\t\t\t<h2 class=\"elementor-heading-title elementor-size-default\">PRODUKTET<\/h2>\t\t\t\t<\/div>\n\t\t\t\t<div class=\"elementor-element elementor-element-3b99871 elementor-widget__width-auto elementor-widget elementor-widget-heading\" data-id=\"3b99871\" data-element_type=\"widget\" data-e-type=\"widget\" data-widget_type=\"heading.default\">\n\t\t\t\t\t<h2 class=\"elementor-heading-title elementor-size-default\">TONA<\/h2>\t\t\t\t<\/div>\n\t\t\t\t<div class=\"elementor-element elementor-element-498e744 elementor-widget elementor-widget-text-editor\" data-id=\"498e744\" data-element_type=\"widget\" data-e-type=\"widget\" data-widget_type=\"text-editor.default\">\n\t\t\t\t\t\t\t\t\t<p>Ne jemi n\u00eb treg me standard t\u00eb pakrahasuesh\u00ebm dhe \u00e7mim konkurrues.<\/p>\t\t\t\t\t\t\t\t<\/div>\n\t\t\t\t\t<\/div>\n\t\t<\/div>\n\t\t\t\t\t<\/div>\n\t\t<\/section>\n\t\t\t\t<section class=\"elementor-section elementor-top-section elementor-element elementor-element-de1da40 elementor-section-boxed elementor-section-height-default elementor-section-height-default\" data-id=\"de1da40\" data-element_type=\"section\" data-e-type=\"section\">\n\t\t\t\t\t\t<div class=\"elementor-container elementor-column-gap-default\">\n\t\t\t\t\t<div class=\"elementor-column elementor-col-50 elementor-top-column elementor-element elementor-element-1794646\" data-id=\"1794646\" data-element_type=\"column\" data-e-type=\"column\" data-settings=\"{&quot;motion_fx_motion_fx_mouse&quot;:&quot;yes&quot;}\">\n\t\t\t<div class=\"elementor-widget-wrap elementor-element-populated\">\n\t\t\t\t\t\t<div class=\"elementor-element elementor-element-d608534 animated-slow elementor-invisible elementor-widget elementor-widget-image\" data-id=\"d608534\" data-element_type=\"widget\" data-e-type=\"widget\" data-settings=\"{&quot;motion_fx_motion_fx_mouse&quot;:&quot;yes&quot;,&quot;_animation&quot;:&quot;zoomInUp&quot;}\" data-widget_type=\"image.default\">\n\t\t\t\t\t\t\t\t\t\t\t\t\t\t\t\t<a href=\"http:\/\/kraligroup.al\/dyshek\/\">\n\t\t\t\t\t\t\t<img fetchpriority=\"high\" decoding=\"async\" width=\"800\" height=\"797\" src=\"https:\/\/kraligroup.al\/wp-content\/uploads\/2026\/03\/pantograf-memory-me-forma-premium-1024x1020.jpg\" class=\"elementor-animation-bounce-in attachment-large size-large wp-image-348\" alt=\"\" srcset=\"https:\/\/kraligroup.al\/wp-content\/uploads\/2026\/03\/pantograf-memory-me-forma-premium-1024x1020.jpg 1024w, https:\/\/kraligroup.al\/wp-content\/uploads\/2026\/03\/pantograf-memory-me-forma-premium-300x300.jpg 300w, https:\/\/kraligroup.al\/wp-content\/uploads\/2026\/03\/pantograf-memory-me-forma-premium-150x150.jpg 150w, https:\/\/kraligroup.al\/wp-content\/uploads\/2026\/03\/pantograf-memory-me-forma-premium-768x765.jpg 768w, https:\/\/kraligroup.al\/wp-content\/uploads\/2026\/03\/pantograf-memory-me-forma-premium-1536x1530.jpg 1536w, https:\/\/kraligroup.al\/wp-content\/uploads\/2026\/03\/pantograf-memory-me-forma-premium.jpg 1869w\" sizes=\"(max-width: 800px) 100vw, 800px\" \/>\t\t\t\t\t\t\t\t<\/a>\n\t\t\t\t\t\t\t\t\t\t\t\t\t\t\t<\/div>\n\t\t\t\t<div class=\"elementor-element elementor-element-62cd004 elementor-widget elementor-widget-heading\" data-id=\"62cd004\" data-element_type=\"widget\" data-e-type=\"widget\" data-widget_type=\"heading.default\">\n\t\t\t\t\t<h3 class=\"elementor-heading-title elementor-size-default\">DYSHEK<\/h3>\t\t\t\t<\/div>\n\t\t\t\t<div class=\"elementor-element elementor-element-f0e012b elementor-widget elementor-widget-text-editor\" data-id=\"f0e012b\" data-element_type=\"widget\" data-e-type=\"widget\" data-widget_type=\"text-editor.default\">\n\t\t\t\t\t\t\t\t\t<p>Dyshek te prodhimit cilesore.<\/p>\t\t\t\t\t\t\t\t<\/div>\n\t\t\t\t\t<\/div>\n\t\t<\/div>\n\t\t\t\t<div class=\"elementor-column elementor-col-50 elementor-top-column elementor-element elementor-element-af6ee53 elementor-invisible\" data-id=\"af6ee53\" data-element_type=\"column\" data-e-type=\"column\" data-settings=\"{&quot;motion_fx_motion_fx_mouse&quot;:&quot;yes&quot;,&quot;animation&quot;:&quot;zoomIn&quot;}\">\n\t\t\t<div class=\"elementor-widget-wrap elementor-element-populated\">\n\t\t\t\t\t\t<div class=\"elementor-element elementor-element-edb8d62 animated-slow elementor-invisible elementor-widget elementor-widget-image\" data-id=\"edb8d62\" data-element_type=\"widget\" data-e-type=\"widget\" data-settings=\"{&quot;motion_fx_motion_fx_mouse&quot;:&quot;yes&quot;,&quot;_animation&quot;:&quot;zoomInUp&quot;}\" data-widget_type=\"image.default\">\n\t\t\t\t\t\t\t\t\t\t\t\t\t\t\t\t<a href=\"http:\/\/kraligroup.al\/jastek\/\">\n\t\t\t\t\t\t\t<img decoding=\"async\" width=\"800\" height=\"797\" src=\"https:\/\/kraligroup.al\/wp-content\/uploads\/2026\/03\/Memory-1-piazza-e-1.2-Cervicale-1024x1020.jpg\" class=\"elementor-animation-bounce-in attachment-large size-large wp-image-352\" alt=\"\" srcset=\"https:\/\/kraligroup.al\/wp-content\/uploads\/2026\/03\/Memory-1-piazza-e-1.2-Cervicale-1024x1020.jpg 1024w, https:\/\/kraligroup.al\/wp-content\/uploads\/2026\/03\/Memory-1-piazza-e-1.2-Cervicale-300x300.jpg 300w, https:\/\/kraligroup.al\/wp-content\/uploads\/2026\/03\/Memory-1-piazza-e-1.2-Cervicale-150x150.jpg 150w, https:\/\/kraligroup.al\/wp-content\/uploads\/2026\/03\/Memory-1-piazza-e-1.2-Cervicale-768x765.jpg 768w, https:\/\/kraligroup.al\/wp-content\/uploads\/2026\/03\/Memory-1-piazza-e-1.2-Cervicale-1536x1530.jpg 1536w, https:\/\/kraligroup.al\/wp-content\/uploads\/2026\/03\/Memory-1-piazza-e-1.2-Cervicale.jpg 1869w\" sizes=\"(max-width: 800px) 100vw, 800px\" \/>\t\t\t\t\t\t\t\t<\/a>\n\t\t\t\t\t\t\t\t\t\t\t\t\t\t\t<\/div>\n\t\t\t\t<div class=\"elementor-element elementor-element-8e76c36 elementor-widget elementor-widget-heading\" data-id=\"8e76c36\" data-element_type=\"widget\" data-e-type=\"widget\" data-widget_type=\"heading.default\">\n\t\t\t\t\t<h3 class=\"elementor-heading-title elementor-size-default\">Jast\u00ebk<\/h3>\t\t\t\t<\/div>\n\t\t\t\t<div class=\"elementor-element elementor-element-2ab2051 elementor-widget elementor-widget-text-editor\" data-id=\"2ab2051\" data-element_type=\"widget\" data-e-type=\"widget\" data-widget_type=\"text-editor.default\">\n\t\t\t\t\t\t\t\t\t<p>Jast\u00ebk ne shitje me shumice.<\/p>\t\t\t\t\t\t\t\t<\/div>\n\t\t\t\t\t<\/div>\n\t\t<\/div>\n\t\t\t\t\t<\/div>\n\t\t<\/section>\n\t\t\t\t<section class=\"elementor-section elementor-top-section elementor-element elementor-element-04f5fc2 elementor-section-boxed elementor-section-height-default elementor-section-height-default\" data-id=\"04f5fc2\" data-element_type=\"section\" data-e-type=\"section\">\n\t\t\t\t\t\t<div class=\"elementor-container elementor-column-gap-default\">\n\t\t\t\t\t<div class=\"elementor-column elementor-col-50 elementor-top-column elementor-element elementor-element-51e2eb8 elementor-invisible\" data-id=\"51e2eb8\" data-element_type=\"column\" data-e-type=\"column\" data-settings=\"{&quot;motion_fx_motion_fx_mouse&quot;:&quot;yes&quot;,&quot;animation&quot;:&quot;zoomIn&quot;}\">\n\t\t\t<div class=\"elementor-widget-wrap elementor-element-populated\">\n\t\t\t\t\t\t<div class=\"elementor-element elementor-element-21c989f animated-slow elementor-invisible elementor-widget elementor-widget-image\" data-id=\"21c989f\" data-element_type=\"widget\" data-e-type=\"widget\" data-settings=\"{&quot;motion_fx_motion_fx_mouse&quot;:&quot;yes&quot;,&quot;_animation&quot;:&quot;zoomInUp&quot;}\" data-widget_type=\"image.default\">\n\t\t\t\t\t\t\t\t\t\t\t\t\t\t\t\t<a href=\"http:\/\/kraligroup.al\/krevat\/\">\n\t\t\t\t\t\t\t<img decoding=\"async\" width=\"800\" height=\"797\" src=\"https:\/\/kraligroup.al\/wp-content\/uploads\/2026\/03\/Mothia-Base-Dopio-1024x1020.jpg\" class=\"elementor-animation-bounce-in attachment-large size-large wp-image-354\" alt=\"\" srcset=\"https:\/\/kraligroup.al\/wp-content\/uploads\/2026\/03\/Mothia-Base-Dopio-1024x1020.jpg 1024w, https:\/\/kraligroup.al\/wp-content\/uploads\/2026\/03\/Mothia-Base-Dopio-300x300.jpg 300w, https:\/\/kraligroup.al\/wp-content\/uploads\/2026\/03\/Mothia-Base-Dopio-150x150.jpg 150w, https:\/\/kraligroup.al\/wp-content\/uploads\/2026\/03\/Mothia-Base-Dopio-768x765.jpg 768w, https:\/\/kraligroup.al\/wp-content\/uploads\/2026\/03\/Mothia-Base-Dopio-1536x1530.jpg 1536w, https:\/\/kraligroup.al\/wp-content\/uploads\/2026\/03\/Mothia-Base-Dopio.jpg 1869w\" sizes=\"(max-width: 800px) 100vw, 800px\" \/>\t\t\t\t\t\t\t\t<\/a>\n\t\t\t\t\t\t\t\t\t\t\t\t\t\t\t<\/div>\n\t\t\t\t<div class=\"elementor-element elementor-element-a0b440d elementor-widget elementor-widget-heading\" data-id=\"a0b440d\" data-element_type=\"widget\" data-e-type=\"widget\" data-widget_type=\"heading.default\">\n\t\t\t\t\t<h3 class=\"elementor-heading-title elementor-size-default\">Krevat<\/h3>\t\t\t\t<\/div>\n\t\t\t\t<div class=\"elementor-element elementor-element-8d5c725 elementor-widget elementor-widget-text-editor\" data-id=\"8d5c725\" data-element_type=\"widget\" data-e-type=\"widget\" data-widget_type=\"text-editor.default\">\n\t\t\t\t\t\t\t\t\t<p>Krevat ne shitje me shumice.<\/p>\t\t\t\t\t\t\t\t<\/div>\n\t\t\t\t\t<\/div>\n\t\t<\/div>\n\t\t\t\t<div class=\"elementor-column elementor-col-50 elementor-top-column elementor-element elementor-element-c44020c animated-fast elementor-invisible\" data-id=\"c44020c\" data-element_type=\"column\" data-e-type=\"column\" data-settings=\"{&quot;motion_fx_motion_fx_mouse&quot;:&quot;yes&quot;,&quot;animation&quot;:&quot;zoomIn&quot;}\">\n\t\t\t<div class=\"elementor-widget-wrap elementor-element-populated\">\n\t\t\t\t\t\t<div class=\"elementor-element elementor-element-c031a90 animated-slow elementor-invisible elementor-widget elementor-widget-image\" data-id=\"c031a90\" data-element_type=\"widget\" data-e-type=\"widget\" data-settings=\"{&quot;motion_fx_motion_fx_mouse&quot;:&quot;yes&quot;,&quot;_animation&quot;:&quot;zoomInUp&quot;}\" data-widget_type=\"image.default\">\n\t\t\t\t\t\t\t\t\t\t\t\t\t\t\t\t<a href=\"http:\/\/kraligroup.al\/en\/shtresa\/\">\n\t\t\t\t\t\t\t<img loading=\"lazy\" decoding=\"async\" width=\"800\" height=\"800\" src=\"https:\/\/kraligroup.al\/wp-content\/uploads\/2026\/03\/Topper-1024x1024.jpg\" class=\"elementor-animation-bounce-in attachment-large size-large wp-image-358\" alt=\"\" srcset=\"https:\/\/kraligroup.al\/wp-content\/uploads\/2026\/03\/Topper-1024x1024.jpg 1024w, https:\/\/kraligroup.al\/wp-content\/uploads\/2026\/03\/Topper-300x300.jpg 300w, https:\/\/kraligroup.al\/wp-content\/uploads\/2026\/03\/Topper-150x150.jpg 150w, https:\/\/kraligroup.al\/wp-content\/uploads\/2026\/03\/Topper-768x767.jpg 768w, https:\/\/kraligroup.al\/wp-content\/uploads\/2026\/03\/Topper.jpg 1294w\" sizes=\"(max-width: 800px) 100vw, 800px\" \/>\t\t\t\t\t\t\t\t<\/a>\n\t\t\t\t\t\t\t\t\t\t\t\t\t\t\t<\/div>\n\t\t\t\t<div class=\"elementor-element elementor-element-0220afe elementor-widget elementor-widget-heading\" data-id=\"0220afe\" data-element_type=\"widget\" data-e-type=\"widget\" data-widget_type=\"heading.default\">\n\t\t\t\t\t<h3 class=\"elementor-heading-title elementor-size-default\">Shtresa<\/h3>\t\t\t\t<\/div>\n\t\t\t\t<div class=\"elementor-element elementor-element-1fd9d64 elementor-widget elementor-widget-text-editor\" data-id=\"1fd9d64\" data-element_type=\"widget\" data-e-type=\"widget\" data-widget_type=\"text-editor.default\">\n\t\t\t\t\t\t\t\t\t<p>Shtresa ne shitje me shumice.<\/p>\t\t\t\t\t\t\t\t<\/div>\n\t\t\t\t\t<\/div>\n\t\t<\/div>\n\t\t\t\t\t<\/div>\n\t\t<\/section>\n\t\t\t\t<section class=\"elementor-section elementor-top-section elementor-element elementor-element-1621ea8 elementor-section-boxed elementor-section-height-default elementor-section-height-default\" data-id=\"1621ea8\" data-element_type=\"section\" data-e-type=\"section\">\n\t\t\t\t\t\t<div class=\"elementor-container elementor-column-gap-default\">\n\t\t\t\t\t<div class=\"elementor-column elementor-col-100 elementor-top-column elementor-element elementor-element-d5a8398\" data-id=\"d5a8398\" data-element_type=\"column\" data-e-type=\"column\">\n\t\t\t<div class=\"elementor-widget-wrap elementor-element-populated\">\n\t\t\t\t\t\t<div class=\"elementor-element elementor-element-88a2339 elementor-widget__width-auto elementor-widget elementor-widget-heading\" data-id=\"88a2339\" data-element_type=\"widget\" data-e-type=\"widget\" data-widget_type=\"heading.default\">\n\t\t\t\t\t<h2 class=\"elementor-heading-title elementor-size-default\">PARTNERET<\/h2>\t\t\t\t<\/div>\n\t\t\t\t<div class=\"elementor-element elementor-element-505c8be elementor-widget elementor-widget-text-editor\" data-id=\"505c8be\" data-element_type=\"widget\" data-e-type=\"widget\" data-widget_type=\"text-editor.default\">\n\t\t\t\t\t\t\t\t\t<p>Ju mir\u00ebpresim !<\/p>\t\t\t\t\t\t\t\t<\/div>\n\t\t\t\t\t<\/div>\n\t\t<\/div>\n\t\t\t\t\t<\/div>\n\t\t<\/section>\n\t\t<div class=\"elementor-element elementor-element-2c7729c e-flex e-con-boxed e-con e-parent\" data-id=\"2c7729c\" data-element_type=\"container\" data-e-type=\"container\">\n\t\t\t\t\t<div class=\"e-con-inner\">\n\t\t\t\t<div class=\"elementor-element elementor-element-c2509c5 elementor-arrows-position-inside elementor-pagination-position-outside elementor-widget elementor-widget-image-carousel\" data-id=\"c2509c5\" data-element_type=\"widget\" data-e-type=\"widget\" data-settings=\"{&quot;slides_to_show&quot;:&quot;2&quot;,&quot;navigation&quot;:&quot;both&quot;,&quot;autoplay&quot;:&quot;yes&quot;,&quot;pause_on_hover&quot;:&quot;yes&quot;,&quot;pause_on_interaction&quot;:&quot;yes&quot;,&quot;autoplay_speed&quot;:5000,&quot;infinite&quot;:&quot;yes&quot;,&quot;speed&quot;:500}\" data-widget_type=\"image-carousel.default\">\n\t\t\t\t\t\t\t<div class=\"elementor-image-carousel-wrapper swiper\" role=\"region\" aria-roledescription=\"carousel\" aria-label=\"Image Carousel\" dir=\"ltr\">\n\t\t\t<div class=\"elementor-image-carousel swiper-wrapper\" aria-live=\"off\">\n\t\t\t\t\t\t\t\t<div class=\"swiper-slide\" role=\"group\" aria-roledescription=\"slide\" aria-label=\"1 of 2\"><figure class=\"swiper-slide-inner\"><img decoding=\"async\" class=\"swiper-slide-image\" src=\"https:\/\/kraligroup.al\/wp-content\/uploads\/2026\/03\/wordlfoam-200-150x150.png\" alt=\"\" \/><\/figure><\/div><div class=\"swiper-slide\" role=\"group\" aria-roledescription=\"slide\" aria-label=\"2 of 2\"><figure class=\"swiper-slide-inner\"><img decoding=\"async\" class=\"swiper-slide-image\" src=\"https:\/\/kraligroup.al\/wp-content\/uploads\/2026\/03\/fleform-512-150x150.png\" alt=\"\" \/><\/figure><\/div>\t\t\t<\/div>\n\t\t\t\t\t\t\t\t\t\t\t\t<div class=\"elementor-swiper-button elementor-swiper-button-prev\" role=\"button\" tabindex=\"0\">\n\t\t\t\t\t\t<svg aria-hidden=\"true\" class=\"e-font-icon-svg e-eicon-chevron-left\" viewbox=\"0 0 1000 1000\" xmlns=\"http:\/\/www.w3.org\/2000\/svg\"><path d=\"M646 125C629 125 613 133 604 142L308 442C296 454 292 471 292 487 292 504 296 521 308 533L604 854C617 867 629 875 646 875 663 875 679 871 692 858 704 846 713 829 713 812 713 796 708 779 692 767L438 487 692 225C700 217 708 204 708 187 708 171 704 154 692 142 675 129 663 125 646 125Z\"><\/path><\/svg>\t\t\t\t\t<\/div>\n\t\t\t\t\t<div class=\"elementor-swiper-button elementor-swiper-button-next\" role=\"button\" tabindex=\"0\">\n\t\t\t\t\t\t<svg aria-hidden=\"true\" class=\"e-font-icon-svg e-eicon-chevron-right\" viewbox=\"0 0 1000 1000\" xmlns=\"http:\/\/www.w3.org\/2000\/svg\"><path d=\"M696 533C708 521 713 504 713 487 713 471 708 454 696 446L400 146C388 133 375 125 354 125 338 125 325 129 313 142 300 154 292 171 292 187 292 204 296 221 308 233L563 492 304 771C292 783 288 800 288 817 288 833 296 850 308 863 321 871 338 875 354 875 371 875 388 867 400 854L696 533Z\"><\/path><\/svg>\t\t\t\t\t<\/div>\n\t\t\t\t\n\t\t\t\t\t\t\t\t\t<div class=\"swiper-pagination\"><\/div>\n\t\t\t\t\t\t\t\t\t<\/div>\n\t\t\t\t\t\t<\/div>\n\t\t\t\t\t<\/div>\n\t\t\t\t<\/div>\n\t\t\t\t<\/div>","protected":false},"excerpt":{"rendered":"<p>Produktet PRODUKTET TONA Ne jemi n\u00eb treg me standard t\u00eb pakrahasuesh\u00ebm dhe \u00e7mim konkurrues. DYSHEK Dyshek te prodhimit cilesore. Jast\u00ebk Jast\u00ebk ne shitje me shumice. Krevat Krevat ne shitje me shumice. Shtresa Shtresa ne shitje me shumice. PARTNERET Ju mir\u00ebpresim !<\/p>","protected":false},"author":1,"featured_media":0,"parent":0,"menu_order":0,"comment_status":"closed","ping_status":"closed","template":"","meta":{"footnotes":""},"class_list":["post-365","page","type-page","status-publish","hentry"],"_links":{"self":[{"href":"https:\/\/kraligroup.al\/sq\/wp-json\/wp\/v2\/pages\/365","targetHints":{"allow":["GET"]}}],"collection":[{"href":"https:\/\/kraligroup.al\/sq\/wp-json\/wp\/v2\/pages"}],"about":[{"href":"https:\/\/kraligroup.al\/sq\/wp-json\/wp\/v2\/types\/page"}],"author":[{"embeddable":true,"href":"https:\/\/kraligroup.al\/sq\/wp-json\/wp\/v2\/users\/1"}],"replies":[{"embeddable":true,"href":"https:\/\/kraligroup.al\/sq\/wp-json\/wp\/v2\/comments?post=365"}],"version-history":[{"count":124,"href":"https:\/\/kraligroup.al\/sq\/wp-json\/wp\/v2\/pages\/365\/revisions"}],"predecessor-version":[{"id":1825,"href":"https:\/\/kraligroup.al\/sq\/wp-json\/wp\/v2\/pages\/365\/revisions\/1825"}],"wp:attachment":[{"href":"https:\/\/kraligroup.al\/sq\/wp-json\/wp\/v2\/media?parent=365"}],"curies":[{"name":"wp","href":"https:\/\/api.w.org\/{rel}","templated":true}]}}