{"id":27,"date":"2026-03-22T14:50:17","date_gmt":"2026-03-22T14:50:17","guid":{"rendered":"http:\/\/kraligroup.al\/?page_id=27"},"modified":"2026-04-08T23:19:26","modified_gmt":"2026-04-08T23:19:26","slug":"rreth-nesh","status":"publish","type":"page","link":"https:\/\/kraligroup.al\/en\/rreth-nesh\/","title":{"rendered":"Rreth nesh"},"content":{"rendered":"\t\t<div data-elementor-type=\"wp-page\" data-elementor-id=\"27\" class=\"elementor elementor-27\" data-elementor-post-type=\"page\">\n\t\t\t\t<div class=\"elementor-element elementor-element-3834d15 e-flex e-con-boxed e-con e-parent\" data-id=\"3834d15\" data-element_type=\"container\" data-e-type=\"container\" data-settings=\"{&quot;background_background&quot;:&quot;classic&quot;}\">\n\t\t\t\t\t<div class=\"e-con-inner\">\n\t\t<div class=\"elementor-element elementor-element-623f72b e-con-full e-flex e-con e-child\" data-id=\"623f72b\" data-element_type=\"container\" data-e-type=\"container\">\n\t\t\t\t<div class=\"elementor-element elementor-element-54727c3 elementor-widget elementor-widget-heading\" data-id=\"54727c3\" data-element_type=\"widget\" data-e-type=\"widget\" data-widget_type=\"heading.default\">\n\t\t\t\t\t<h2 class=\"elementor-heading-title elementor-size-default\">Rreth nesh<\/h2>\t\t\t\t<\/div>\n\t\t\t\t<\/div>\n\t\t\t\t\t<\/div>\n\t\t\t\t<\/div>\n\t\t<div class=\"elementor-element elementor-element-4102d26 e-flex e-con-boxed e-con e-parent\" data-id=\"4102d26\" data-element_type=\"container\" data-e-type=\"container\">\n\t\t\t\t\t<div class=\"e-con-inner\">\n\t\t\t\t<div class=\"elementor-element elementor-element-f8db5e9 elementor-widget elementor-widget-spacer\" data-id=\"f8db5e9\" data-element_type=\"widget\" data-e-type=\"widget\" data-widget_type=\"spacer.default\">\n\t\t\t\t\t\t\t<div class=\"elementor-spacer\">\n\t\t\t<div class=\"elementor-spacer-inner\"><\/div>\n\t\t<\/div>\n\t\t\t\t\t\t<\/div>\n\t\t\t\t\t<\/div>\n\t\t\t\t<\/div>\n\t\t<div class=\"elementor-element elementor-element-293b298 e-grid e-con-boxed e-con e-parent\" data-id=\"293b298\" data-element_type=\"container\" data-e-type=\"container\">\n\t\t\t\t\t<div class=\"e-con-inner\">\n\t\t<div class=\"elementor-element elementor-element-27ce8d1 e-con-full e-flex e-con e-child\" data-id=\"27ce8d1\" data-element_type=\"container\" data-e-type=\"container\">\n\t\t\t\t<div class=\"elementor-element elementor-element-a3b8dcf animated-slow elementor-invisible elementor-widget elementor-widget-image\" data-id=\"a3b8dcf\" data-element_type=\"widget\" data-e-type=\"widget\" data-settings=\"{&quot;motion_fx_motion_fx_mouse&quot;:&quot;yes&quot;,&quot;_animation&quot;:&quot;fadeInLeft&quot;,&quot;_animation_delay&quot;:0}\" data-widget_type=\"image.default\">\n\t\t\t\t\t\t\t\t\t\t\t\t\t\t\t<img fetchpriority=\"high\" decoding=\"async\" width=\"736\" height=\"571\" src=\"https:\/\/kraligroup.al\/wp-content\/uploads\/2026\/03\/mattress-image.jpg\" class=\"attachment-large size-large wp-image-295\" alt=\"\" srcset=\"https:\/\/kraligroup.al\/wp-content\/uploads\/2026\/03\/mattress-image.jpg 736w, https:\/\/kraligroup.al\/wp-content\/uploads\/2026\/03\/mattress-image-300x233.jpg 300w\" sizes=\"(max-width: 736px) 100vw, 736px\" \/>\t\t\t\t\t\t\t\t\t\t\t\t\t\t\t<\/div>\n\t\t\t\t<\/div>\n\t\t<div class=\"elementor-element elementor-element-7125d4d e-con-full e-flex e-con e-child\" data-id=\"7125d4d\" data-element_type=\"container\" data-e-type=\"container\">\n\t\t<div class=\"elementor-element elementor-element-eaf37e4 e-con-full e-flex e-con e-child\" data-id=\"eaf37e4\" data-element_type=\"container\" data-e-type=\"container\">\n\t\t\t\t<div class=\"elementor-element elementor-element-e89765e elementor-widget elementor-widget-heading\" data-id=\"e89765e\" data-element_type=\"widget\" data-e-type=\"widget\" data-widget_type=\"heading.default\">\n\t\t\t\t\t<h3 class=\"elementor-heading-title elementor-size-default\">PSE TE NA ZGJIDHNI NEVE ?<\/h3>\t\t\t\t<\/div>\n\t\t\t\t<div class=\"elementor-element elementor-element-7264994 elementor-widget elementor-widget-text-editor\" data-id=\"7264994\" data-element_type=\"widget\" data-e-type=\"widget\" data-widget_type=\"text-editor.default\">\n\t\t\t\t\t\t\t\t\t<p>\ud835\udc41\ud835\udc57\ud835\udc52 \ud835\udc54\ud835\udc57\ud835\udc62\ud835\udc5a\ud835\udc52 \ud835\udc61\ud835\udc52 \ud835\udc5f\ud835\udc52\u210e\ud835\udc4e\ud835\udc61\ud835\udc60\u210e\ud835\udc52\ud835\udc5a \ud835\udc5d\ud835\udc52\ud835\udc5f \ud835\udc5b\ud835\udc57\ud835\udc52 \ud835\udc51\ud835\udc56\ud835\udc61\ud835\udc52 \ud835\udc61\ud835\udc52 \ud835\udc5a\ud835\udc4f\ud835\udc4e\ud835\udc5f\ud835\udc52! \ud83d\udca4\ud83e\udd0d<br \/>Fabrika e pare e prodhimit te dyshekeve ne Shqiperi!<\/p><p>Krali Group \u2013 furnizim me shumic\u00eb p\u00ebr partner\u00ebt tan\u00eb.<\/p><p>Cil\u00ebsi n\u00eb prodhim, siguri n\u00eb transport. \ud83d\udecf\ufe0f<br \/>D\u00ebrgojm\u00eb kudo, brenda &amp; jasht\u00eb vendit.<\/p><p>Ne mbetemi t\u00eb p\u00ebrkushtuar p\u00ebr t\u00eb ofruar cil\u00ebsi dhe standard t\u00eb lart n\u00eb \u00e7do projekt.<\/p>\t\t\t\t\t\t\t\t<\/div>\n\t\t<div class=\"elementor-element elementor-element-16bd3c1 e-grid e-con-full e-con e-child\" data-id=\"16bd3c1\" data-element_type=\"container\" data-e-type=\"container\">\n\t\t\t\t<div class=\"elementor-element elementor-element-ac73322 elementor-icon-list--layout-traditional elementor-list-item-link-full_width elementor-widget elementor-widget-icon-list\" data-id=\"ac73322\" data-element_type=\"widget\" data-e-type=\"widget\" data-widget_type=\"icon-list.default\">\n\t\t\t\t\t\t\t<ul class=\"elementor-icon-list-items\">\n\t\t\t\t\t\t\t<li class=\"elementor-icon-list-item\">\n\t\t\t\t\t\t\t\t\t\t\t<span class=\"elementor-icon-list-icon\">\n\t\t\t\t\t\t\t<svg aria-hidden=\"true\" class=\"e-font-icon-svg e-far-check-circle\" viewBox=\"0 0 512 512\" xmlns=\"http:\/\/www.w3.org\/2000\/svg\"><path d=\"M256 8C119.033 8 8 119.033 8 256s111.033 248 248 248 248-111.033 248-248S392.967 8 256 8zm0 48c110.532 0 200 89.451 200 200 0 110.532-89.451 200-200 200-110.532 0-200-89.451-200-200 0-110.532 89.451-200 200-200m140.204 130.267l-22.536-22.718c-4.667-4.705-12.265-4.736-16.97-.068L215.346 303.697l-59.792-60.277c-4.667-4.705-12.265-4.736-16.97-.069l-22.719 22.536c-4.705 4.667-4.736 12.265-.068 16.971l90.781 91.516c4.667 4.705 12.265 4.736 16.97.068l172.589-171.204c4.704-4.668 4.734-12.266.067-16.971z\"><\/path><\/svg>\t\t\t\t\t\t<\/span>\n\t\t\t\t\t\t\t\t\t\t<span class=\"elementor-icon-list-text\">Cil\u00ebsi<\/span>\n\t\t\t\t\t\t\t\t\t<\/li>\n\t\t\t\t\t\t\t\t<li class=\"elementor-icon-list-item\">\n\t\t\t\t\t\t\t\t\t\t\t<span class=\"elementor-icon-list-icon\">\n\t\t\t\t\t\t\t<svg aria-hidden=\"true\" class=\"e-font-icon-svg e-far-check-circle\" viewBox=\"0 0 512 512\" xmlns=\"http:\/\/www.w3.org\/2000\/svg\"><path d=\"M256 8C119.033 8 8 119.033 8 256s111.033 248 248 248 248-111.033 248-248S392.967 8 256 8zm0 48c110.532 0 200 89.451 200 200 0 110.532-89.451 200-200 200-110.532 0-200-89.451-200-200 0-110.532 89.451-200 200-200m140.204 130.267l-22.536-22.718c-4.667-4.705-12.265-4.736-16.97-.068L215.346 303.697l-59.792-60.277c-4.667-4.705-12.265-4.736-16.97-.069l-22.719 22.536c-4.705 4.667-4.736 12.265-.068 16.971l90.781 91.516c4.667 4.705 12.265 4.736 16.97.068l172.589-171.204c4.704-4.668 4.734-12.266.067-16.971z\"><\/path><\/svg>\t\t\t\t\t\t<\/span>\n\t\t\t\t\t\t\t\t\t\t<span class=\"elementor-icon-list-text\">Standard<\/span>\n\t\t\t\t\t\t\t\t\t<\/li>\n\t\t\t\t\t\t<\/ul>\n\t\t\t\t\t\t<\/div>\n\t\t\t\t<div class=\"elementor-element elementor-element-a100541 elementor-icon-list--layout-traditional elementor-list-item-link-full_width elementor-widget elementor-widget-icon-list\" data-id=\"a100541\" data-element_type=\"widget\" data-e-type=\"widget\" data-widget_type=\"icon-list.default\">\n\t\t\t\t\t\t\t<ul class=\"elementor-icon-list-items\">\n\t\t\t\t\t\t\t<li class=\"elementor-icon-list-item\">\n\t\t\t\t\t\t\t\t\t\t\t<span class=\"elementor-icon-list-icon\">\n\t\t\t\t\t\t\t<svg aria-hidden=\"true\" class=\"e-font-icon-svg e-far-check-circle\" viewBox=\"0 0 512 512\" xmlns=\"http:\/\/www.w3.org\/2000\/svg\"><path d=\"M256 8C119.033 8 8 119.033 8 256s111.033 248 248 248 248-111.033 248-248S392.967 8 256 8zm0 48c110.532 0 200 89.451 200 200 0 110.532-89.451 200-200 200-110.532 0-200-89.451-200-200 0-110.532 89.451-200 200-200m140.204 130.267l-22.536-22.718c-4.667-4.705-12.265-4.736-16.97-.068L215.346 303.697l-59.792-60.277c-4.667-4.705-12.265-4.736-16.97-.069l-22.719 22.536c-4.705 4.667-4.736 12.265-.068 16.971l90.781 91.516c4.667 4.705 12.265 4.736 16.97.068l172.589-171.204c4.704-4.668 4.734-12.266.067-16.971z\"><\/path><\/svg>\t\t\t\t\t\t<\/span>\n\t\t\t\t\t\t\t\t\t\t<span class=\"elementor-icon-list-text\">Profesionaliz\u00ebm<\/span>\n\t\t\t\t\t\t\t\t\t<\/li>\n\t\t\t\t\t\t\t\t<li class=\"elementor-icon-list-item\">\n\t\t\t\t\t\t\t\t\t\t\t<span class=\"elementor-icon-list-icon\">\n\t\t\t\t\t\t\t<svg aria-hidden=\"true\" class=\"e-font-icon-svg e-far-check-circle\" viewBox=\"0 0 512 512\" xmlns=\"http:\/\/www.w3.org\/2000\/svg\"><path d=\"M256 8C119.033 8 8 119.033 8 256s111.033 248 248 248 248-111.033 248-248S392.967 8 256 8zm0 48c110.532 0 200 89.451 200 200 0 110.532-89.451 200-200 200-110.532 0-200-89.451-200-200 0-110.532 89.451-200 200-200m140.204 130.267l-22.536-22.718c-4.667-4.705-12.265-4.736-16.97-.068L215.346 303.697l-59.792-60.277c-4.667-4.705-12.265-4.736-16.97-.069l-22.719 22.536c-4.705 4.667-4.736 12.265-.068 16.971l90.781 91.516c4.667 4.705 12.265 4.736 16.97.068l172.589-171.204c4.704-4.668 4.734-12.266.067-16.971z\"><\/path><\/svg>\t\t\t\t\t\t<\/span>\n\t\t\t\t\t\t\t\t\t\t<span class=\"elementor-icon-list-text\">\u00c7mime konkurruese<\/span>\n\t\t\t\t\t\t\t\t\t<\/li>\n\t\t\t\t\t\t<\/ul>\n\t\t\t\t\t\t<\/div>\n\t\t\t\t<\/div>\n\t\t\t\t<\/div>\n\t\t\t\t<\/div>\n\t\t\t\t\t<\/div>\n\t\t\t\t<\/div>\n\t\t<div class=\"elementor-element elementor-element-37a6c67 e-flex e-con-boxed e-con e-parent\" data-id=\"37a6c67\" data-element_type=\"container\" data-e-type=\"container\">\n\t\t\t\t\t<div class=\"e-con-inner\">\n\t\t\t\t<div class=\"elementor-element elementor-element-c2d6920 elementor-widget-divider--view-line elementor-widget elementor-widget-divider\" data-id=\"c2d6920\" data-element_type=\"widget\" data-e-type=\"widget\" data-widget_type=\"divider.default\">\n\t\t\t\t\t\t\t<div class=\"elementor-divider\">\n\t\t\t<span class=\"elementor-divider-separator\">\n\t\t\t\t\t\t<\/span>\n\t\t<\/div>\n\t\t\t\t\t\t<\/div>\n\t\t\t\t\t<\/div>\n\t\t\t\t<\/div>\n\t\t<div class=\"elementor-element elementor-element-ebdaab9 e-flex e-con-boxed e-con e-parent\" data-id=\"ebdaab9\" data-element_type=\"container\" data-e-type=\"container\">\n\t\t\t\t\t<div class=\"e-con-inner\">\n\t\t\t\t<div class=\"elementor-element elementor-element-390a573 elementor-widget elementor-widget-spacer\" data-id=\"390a573\" data-element_type=\"widget\" data-e-type=\"widget\" data-widget_type=\"spacer.default\">\n\t\t\t\t\t\t\t<div class=\"elementor-spacer\">\n\t\t\t<div class=\"elementor-spacer-inner\"><\/div>\n\t\t<\/div>\n\t\t\t\t\t\t<\/div>\n\t\t\t\t\t<\/div>\n\t\t\t\t<\/div>\n\t\t<div class=\"elementor-element elementor-element-8716494 e-grid e-con-boxed e-con e-parent\" data-id=\"8716494\" data-element_type=\"container\" data-e-type=\"container\">\n\t\t\t\t\t<div class=\"e-con-inner\">\n\t\t<div class=\"elementor-element elementor-element-182e2e5 e-con-full e-flex e-con e-child\" data-id=\"182e2e5\" data-element_type=\"container\" data-e-type=\"container\">\n\t\t\t\t<div class=\"elementor-element elementor-element-886b55e animated-slow elementor-invisible elementor-widget elementor-widget-image\" data-id=\"886b55e\" data-element_type=\"widget\" data-e-type=\"widget\" data-settings=\"{&quot;motion_fx_motion_fx_mouse&quot;:&quot;yes&quot;,&quot;_animation&quot;:&quot;fadeInUp&quot;}\" data-widget_type=\"image.default\">\n\t\t\t\t\t\t\t\t\t\t\t\t\t\t\t\t<a href=\"http:\/\/kraligroup.al\/en\/world-foam-2\/\">\n\t\t\t\t\t\t\t<img decoding=\"async\" width=\"200\" height=\"200\" src=\"https:\/\/kraligroup.al\/wp-content\/uploads\/2026\/03\/wordlfoam-200.png\" class=\"attachment-medium size-medium wp-image-429\" alt=\"\" srcset=\"https:\/\/kraligroup.al\/wp-content\/uploads\/2026\/03\/wordlfoam-200.png 200w, https:\/\/kraligroup.al\/wp-content\/uploads\/2026\/03\/elementor\/thumbs\/wordlfoam-200-rl8mjbya9gq7gc4morovbq3qcnkwmnnw9eb284y63g.png 150w\" sizes=\"(max-width: 200px) 100vw, 200px\" \/>\t\t\t\t\t\t\t\t<\/a>\n\t\t\t\t\t\t\t\t\t\t\t\t\t\t\t<\/div>\n\t\t\t\t<div class=\"elementor-element elementor-element-2044d30 elementor-widget elementor-widget-spacer\" data-id=\"2044d30\" data-element_type=\"widget\" data-e-type=\"widget\" data-widget_type=\"spacer.default\">\n\t\t\t\t\t\t\t<div class=\"elementor-spacer\">\n\t\t\t<div class=\"elementor-spacer-inner\"><\/div>\n\t\t<\/div>\n\t\t\t\t\t\t<\/div>\n\t\t\t\t<div class=\"elementor-element elementor-element-db3715b elementor-widget elementor-widget-heading\" data-id=\"db3715b\" data-element_type=\"widget\" data-e-type=\"widget\" data-widget_type=\"heading.default\">\n\t\t\t\t\t<h4 class=\"elementor-heading-title elementor-size-default\">WORLD FOAM<\/h4>\t\t\t\t<\/div>\n\t\t\t\t<div class=\"elementor-element elementor-element-0495f7c elementor-widget elementor-widget-text-editor\" data-id=\"0495f7c\" data-element_type=\"widget\" data-e-type=\"widget\" data-widget_type=\"text-editor.default\">\n\t\t\t\t\t\t\t\t\t<p>I vetmi komponent i linjave tona, t\u00eb cilin e importonim deri n\u00eb vitin 2012, ishte sfungjeri. N\u00eb var\u00ebsi t\u00eb tregut t\u00eb jasht\u00ebm n\u00eb elementin e koh\u00ebs dhe cil\u00ebsis\u00eb, kjo na b\u00ebri t\u00eb investonim n\u00eb linjat e produkteve m\u00eb inovative dhe cil\u00ebsore t\u00eb koh\u00ebs.<br \/>M\u00eb 15.12.2012 u themelua WORLD FOAM, e specializuar n\u00eb prodhimin dhe prerjen, me ose pa pantograf, t\u00eb sfungjer\u00ebve me dend\u00ebsi, ngjyra dhe lloje t\u00eb ndryshme.<\/p>\t\t\t\t\t\t\t\t<\/div>\n\t\t\t\t<\/div>\n\t\t<div class=\"elementor-element elementor-element-d5cc21f e-con-full e-flex e-con e-child\" data-id=\"d5cc21f\" data-element_type=\"container\" data-e-type=\"container\">\n\t\t\t\t<div class=\"elementor-element elementor-element-e0dd120 elementor-invisible elementor-widget elementor-widget-image\" data-id=\"e0dd120\" data-element_type=\"widget\" data-e-type=\"widget\" data-settings=\"{&quot;motion_fx_motion_fx_mouse&quot;:&quot;yes&quot;,&quot;_animation&quot;:&quot;fadeInUp&quot;}\" data-widget_type=\"image.default\">\n\t\t\t\t\t\t\t\t\t\t\t\t\t\t\t\t<a href=\"http:\/\/kraligroup.al\/en\/fleform\/\">\n\t\t\t\t\t\t\t<img decoding=\"async\" width=\"300\" height=\"300\" src=\"https:\/\/kraligroup.al\/wp-content\/uploads\/2026\/03\/fleform-512-300x300.png\" class=\"attachment-medium size-medium wp-image-431\" alt=\"\" srcset=\"https:\/\/kraligroup.al\/wp-content\/uploads\/2026\/03\/fleform-512-300x300.png 300w, https:\/\/kraligroup.al\/wp-content\/uploads\/2026\/03\/fleform-512-150x150.png 150w, https:\/\/kraligroup.al\/wp-content\/uploads\/2026\/03\/fleform-512.png 512w\" sizes=\"(max-width: 300px) 100vw, 300px\" \/>\t\t\t\t\t\t\t\t<\/a>\n\t\t\t\t\t\t\t\t\t\t\t\t\t\t\t<\/div>\n\t\t\t\t<div class=\"elementor-element elementor-element-bdf13f2 elementor-widget elementor-widget-spacer\" data-id=\"bdf13f2\" data-element_type=\"widget\" data-e-type=\"widget\" data-widget_type=\"spacer.default\">\n\t\t\t\t\t\t\t<div class=\"elementor-spacer\">\n\t\t\t<div class=\"elementor-spacer-inner\"><\/div>\n\t\t<\/div>\n\t\t\t\t\t\t<\/div>\n\t\t\t\t<div class=\"elementor-element elementor-element-021f39f elementor-widget elementor-widget-heading\" data-id=\"021f39f\" data-element_type=\"widget\" data-e-type=\"widget\" data-widget_type=\"heading.default\">\n\t\t\t\t\t<h4 class=\"elementor-heading-title elementor-size-default\">FLE FORM<\/h4>\t\t\t\t<\/div>\n\t\t\t\t<div class=\"elementor-element elementor-element-34bb80f elementor-widget elementor-widget-text-editor\" data-id=\"34bb80f\" data-element_type=\"widget\" data-e-type=\"widget\" data-widget_type=\"text-editor.default\">\n\t\t\t\t\t\t\t\t\t<p>E themeluar n\u00eb vitin 1996, \u00ebsht\u00eb kompania e par\u00eb n\u00eb Shqip\u00ebri q\u00eb prodhon dyshek\u00eb t\u00eb llojeve dhe madh\u00ebsive t\u00eb ndryshme. D\u00ebshira jon\u00eb p\u00ebr inovacion, me kalimin e viteve, ka zgjeruar gam\u00ebn ton\u00eb t\u00eb produkteve bazuar n\u00eb teknologjit\u00eb m\u00eb t\u00eb fundit.<br \/>Ne krenohemi me linjat tona t\u00eb produkteve, jo vet\u00ebm p\u00ebr dyshek\u00eb dhe jast\u00ebk\u00eb, por edhe p\u00ebr p\u00ebrpunimin e drurit dhe metalit, t\u00eb cilat sjellin produkte t\u00eb tilla si shtret\u00ebr, \u00e7ar\u00e7af\u00eb, karrige portative, karrige detare, shezlongje etj.<\/p>\t\t\t\t\t\t\t\t<\/div>\n\t\t\t\t<\/div>\n\t\t\t\t\t<\/div>\n\t\t\t\t<\/div>\n\t\t<div class=\"elementor-element elementor-element-f9463e7 e-flex e-con-boxed e-con e-parent\" data-id=\"f9463e7\" data-element_type=\"container\" data-e-type=\"container\">\n\t\t\t\t\t<div class=\"e-con-inner\">\n\t\t\t\t<div class=\"elementor-element elementor-element-746b46d elementor-widget elementor-widget-spacer\" data-id=\"746b46d\" data-element_type=\"widget\" data-e-type=\"widget\" data-widget_type=\"spacer.default\">\n\t\t\t\t\t\t\t<div class=\"elementor-spacer\">\n\t\t\t<div class=\"elementor-spacer-inner\"><\/div>\n\t\t<\/div>\n\t\t\t\t\t\t<\/div>\n\t\t\t\t\t<\/div>\n\t\t\t\t<\/div>\n\t\t\t\t<section class=\"elementor-section elementor-top-section elementor-element elementor-element-fb01892 elementor-section-boxed elementor-section-height-default elementor-section-height-default\" data-id=\"fb01892\" data-element_type=\"section\" data-e-type=\"section\">\n\t\t\t\t\t\t<div class=\"elementor-container elementor-column-gap-default\">\n\t\t\t\t\t<div class=\"elementor-column elementor-col-100 elementor-top-column elementor-element elementor-element-8ed5fce\" data-id=\"8ed5fce\" data-element_type=\"column\" data-e-type=\"column\">\n\t\t\t<div class=\"elementor-widget-wrap elementor-element-populated\">\n\t\t\t\t\t\t<div class=\"elementor-element elementor-element-6c1559f elementor-widget__width-auto elementor-widget elementor-widget-heading\" data-id=\"6c1559f\" data-element_type=\"widget\" data-e-type=\"widget\" data-widget_type=\"heading.default\">\n\t\t\t\t\t<h2 class=\"elementor-heading-title elementor-size-default\">PARTNERET<\/h2>\t\t\t\t<\/div>\n\t\t\t\t<div class=\"elementor-element elementor-element-722a1ee elementor-widget elementor-widget-spacer\" data-id=\"722a1ee\" data-element_type=\"widget\" data-e-type=\"widget\" data-widget_type=\"spacer.default\">\n\t\t\t\t\t\t\t<div class=\"elementor-spacer\">\n\t\t\t<div class=\"elementor-spacer-inner\"><\/div>\n\t\t<\/div>\n\t\t\t\t\t\t<\/div>\n\t\t\t\t\t<\/div>\n\t\t<\/div>\n\t\t\t\t\t<\/div>\n\t\t<\/section>\n\t\t<div class=\"elementor-element elementor-element-432f2a6 e-flex e-con-boxed e-con e-parent\" data-id=\"432f2a6\" data-element_type=\"container\" data-e-type=\"container\">\n\t\t\t\t\t<div class=\"e-con-inner\">\n\t\t\t\t<div class=\"elementor-element elementor-element-c4c083b elementor-widget elementor-widget-image-carousel\" data-id=\"c4c083b\" data-element_type=\"widget\" data-e-type=\"widget\" data-settings=\"{&quot;slides_to_show&quot;:&quot;4&quot;,&quot;navigation&quot;:&quot;none&quot;,&quot;autoplay&quot;:&quot;yes&quot;,&quot;pause_on_hover&quot;:&quot;yes&quot;,&quot;pause_on_interaction&quot;:&quot;yes&quot;,&quot;autoplay_speed&quot;:5000,&quot;infinite&quot;:&quot;yes&quot;,&quot;speed&quot;:500}\" data-widget_type=\"image-carousel.default\">\n\t\t\t\t\t\t\t<div class=\"elementor-image-carousel-wrapper swiper\" role=\"region\" aria-roledescription=\"carousel\" aria-label=\"Image Carousel\" dir=\"ltr\">\n\t\t\t<div class=\"elementor-image-carousel swiper-wrapper\" aria-live=\"off\">\n\t\t\t\t\t\t\t\t<div class=\"swiper-slide\" role=\"group\" aria-roledescription=\"slide\" aria-label=\"1 of 8\"><figure class=\"swiper-slide-inner\"><img decoding=\"async\" class=\"swiper-slide-image\" src=\"https:\/\/kraligroup.al\/wp-content\/uploads\/2026\/04\/CERIFLEX-1-150x60.png\" alt=\"CERIFLEX-1\" \/><\/figure><\/div><div class=\"swiper-slide\" role=\"group\" aria-roledescription=\"slide\" aria-label=\"2 of 8\"><figure class=\"swiper-slide-inner\"><img decoding=\"async\" class=\"swiper-slide-image\" src=\"https:\/\/kraligroup.al\/wp-content\/uploads\/2026\/04\/CRISTIDI-1-150x60.png\" alt=\"CRISTIDI-1\" \/><\/figure><\/div><div class=\"swiper-slide\" role=\"group\" aria-roledescription=\"slide\" aria-label=\"3 of 8\"><figure class=\"swiper-slide-inner\"><img decoding=\"async\" class=\"swiper-slide-image\" src=\"https:\/\/kraligroup.al\/wp-content\/uploads\/2026\/04\/FLYFLEX-150x60.png\" alt=\"FLYFLEX\" \/><\/figure><\/div><div class=\"swiper-slide\" role=\"group\" aria-roledescription=\"slide\" aria-label=\"4 of 8\"><figure class=\"swiper-slide-inner\"><img decoding=\"async\" class=\"swiper-slide-image\" src=\"https:\/\/kraligroup.al\/wp-content\/uploads\/2026\/04\/GRECOSTORM-150x60.png\" alt=\"GRECOSTORM\" \/><\/figure><\/div><div class=\"swiper-slide\" role=\"group\" aria-roledescription=\"slide\" aria-label=\"5 of 8\"><figure class=\"swiper-slide-inner\"><img decoding=\"async\" class=\"swiper-slide-image\" src=\"https:\/\/kraligroup.al\/wp-content\/uploads\/2026\/04\/LEMI-150x60.png\" alt=\"LEMI\" \/><\/figure><\/div><div class=\"swiper-slide\" role=\"group\" aria-roledescription=\"slide\" aria-label=\"6 of 8\"><figure class=\"swiper-slide-inner\"><img decoding=\"async\" class=\"swiper-slide-image\" src=\"https:\/\/kraligroup.al\/wp-content\/uploads\/2026\/04\/LINEA-STORM-150x60.png\" alt=\"LINEA-STORM\" \/><\/figure><\/div><div class=\"swiper-slide\" role=\"group\" aria-roledescription=\"slide\" aria-label=\"7 of 8\"><figure class=\"swiper-slide-inner\"><img decoding=\"async\" class=\"swiper-slide-image\" src=\"https:\/\/kraligroup.al\/wp-content\/uploads\/2026\/04\/LORIAN-150x60.png\" alt=\"LORIAN\" \/><\/figure><\/div><div class=\"swiper-slide\" role=\"group\" aria-roledescription=\"slide\" aria-label=\"8 of 8\"><figure class=\"swiper-slide-inner\"><img decoding=\"async\" class=\"swiper-slide-image\" src=\"https:\/\/kraligroup.al\/wp-content\/uploads\/2026\/04\/SIMPO-1-150x60.png\" alt=\"SIMPO-1\" \/><\/figure><\/div>\t\t\t<\/div>\n\t\t\t\t\t\t\t\n\t\t\t\t\t\t\t\t\t<\/div>\n\t\t\t\t\t\t<\/div>\n\t\t\t\t\t<\/div>\n\t\t\t\t<\/div>\n\t\t<div class=\"elementor-element elementor-element-368b4be e-flex e-con-boxed e-con e-parent\" data-id=\"368b4be\" data-element_type=\"container\" data-e-type=\"container\">\n\t\t\t\t\t<div class=\"e-con-inner\">\n\t\t\t\t<div class=\"elementor-element elementor-element-5c0e7cd elementor-widget elementor-widget-spacer\" data-id=\"5c0e7cd\" data-element_type=\"widget\" data-e-type=\"widget\" data-widget_type=\"spacer.default\">\n\t\t\t\t\t\t\t<div class=\"elementor-spacer\">\n\t\t\t<div class=\"elementor-spacer-inner\"><\/div>\n\t\t<\/div>\n\t\t\t\t\t\t<\/div>\n\t\t\t\t\t<\/div>\n\t\t\t\t<\/div>\n\t\t\t\t<\/div>\n\t\t","protected":false},"excerpt":{"rendered":"<p>Rreth nesh PSE TE NA ZGJIDHNI NEVE ? \ud835\udc41\ud835\udc57\ud835\udc52 \ud835\udc54\ud835\udc57\ud835\udc62\ud835\udc5a\ud835\udc52 \ud835\udc61\ud835\udc52 \ud835\udc5f\ud835\udc52\u210e\ud835\udc4e\ud835\udc61\ud835\udc60\u210e\ud835\udc52\ud835\udc5a \ud835\udc5d\ud835\udc52\ud835\udc5f \ud835\udc5b\ud835\udc57\ud835\udc52 \ud835\udc51\ud835\udc56\ud835\udc61\ud835\udc52 \ud835\udc61\ud835\udc52 \ud835\udc5a\ud835\udc4f\ud835\udc4e\ud835\udc5f\ud835\udc52! \ud83d\udca4\ud83e\udd0dFabrika e pare e prodhimit te dyshekeve ne Shqiperi! Krali Group \u2013 furnizim me shumic\u00eb p\u00ebr partner\u00ebt tan\u00eb. Cil\u00ebsi n\u00eb prodhim, siguri n\u00eb transport. \ud83d\udecf\ufe0fD\u00ebrgojm\u00eb kudo, brenda &amp; jasht\u00eb vendit. Ne mbetemi t\u00eb p\u00ebrkushtuar p\u00ebr t\u00eb ofruar cil\u00ebsi [&hellip;]<\/p>\n","protected":false},"author":1,"featured_media":0,"parent":0,"menu_order":0,"comment_status":"closed","ping_status":"closed","template":"elementor_header_footer","meta":{"footnotes":""},"class_list":["post-27","page","type-page","status-publish","hentry"],"_links":{"self":[{"href":"https:\/\/kraligroup.al\/en\/wp-json\/wp\/v2\/pages\/27","targetHints":{"allow":["GET"]}}],"collection":[{"href":"https:\/\/kraligroup.al\/en\/wp-json\/wp\/v2\/pages"}],"about":[{"href":"https:\/\/kraligroup.al\/en\/wp-json\/wp\/v2\/types\/page"}],"author":[{"embeddable":true,"href":"https:\/\/kraligroup.al\/en\/wp-json\/wp\/v2\/users\/1"}],"replies":[{"embeddable":true,"href":"https:\/\/kraligroup.al\/en\/wp-json\/wp\/v2\/comments?post=27"}],"version-history":[{"count":71,"href":"https:\/\/kraligroup.al\/en\/wp-json\/wp\/v2\/pages\/27\/revisions"}],"predecessor-version":[{"id":1939,"href":"https:\/\/kraligroup.al\/en\/wp-json\/wp\/v2\/pages\/27\/revisions\/1939"}],"wp:attachment":[{"href":"https:\/\/kraligroup.al\/en\/wp-json\/wp\/v2\/media?parent=27"}],"curies":[{"name":"wp","href":"https:\/\/api.w.org\/{rel}","templated":true}]}}